{"id":29,"date":"2026-01-19T18:30:20","date_gmt":"2026-01-19T18:30:20","guid":{"rendered":"https:\/\/aaddarumzug.de\/dienstleistungen\/"},"modified":"2026-01-22T20:25:18","modified_gmt":"2026-01-22T20:25:18","slug":"dienstleistungen","status":"publish","type":"page","link":"https:\/\/aaddarumzug.de\/it\/dienstleistungen\/","title":{"rendered":"Dienstleistungen"},"content":{"rendered":"<div class=\"wp-block-group alignfull is-style-ext-preset--group--natural-1--section has-background-background-color has-background has-global-padding is-layout-constrained wp-container-core-group-is-layout-e955bbaf wp-block-group-is-layout-constrained\" id=\"dienstleistungen\" style=\"margin-top:0;margin-bottom:0;padding-top:var(--wp--preset--spacing--70);padding-bottom:var(--wp--preset--spacing--70)\">\n<div class=\"wp-block-group alignwide is-vertical is-layout-flex wp-container-core-group-is-layout-c35747d5 wp-block-group-is-layout-flex\">\n<div class=\"wp-block-group has-global-padding is-layout-constrained wp-container-core-group-is-layout-5e05634a wp-block-group-is-layout-constrained\">\n<h2 class=\"wp-block-heading\">Zuverl\u00e4ssigkeit und Pr\u00e4zision bei jedem Umzug<\/h2>\n\n\n\n<p class=\"has-text-align-left\">Entdecken Sie unser umfassendes Angebot an Umzugs- und Transportservices, die auf Ihre Zufriedenheit ausgerichtet sind.<\/p>\n<\/div>\n<\/div>\n\n\n\n<div class=\"wp-block-columns alignwide is-layout-flex wp-container-core-columns-is-layout-08c01c1c wp-block-columns-is-layout-flex\">\n<div class=\"wp-block-column is-layout-flow wp-block-column-is-layout-flow\">\n<div class=\"wp-block-group is-style-ext-preset--group--natural-1--item-card-1--align-start has-global-padding is-layout-constrained wp-block-group-is-layout-constrained is-style-ext-preset--group--natural-1--item-card-1--align-start--2\">\n<figure class=\"wp-block-image\"><img loading=\"lazy\" decoding=\"async\" width=\"962\" height=\"1440\" src=\"https:\/\/aaddarumzug.de\/wp-content\/uploads\/2026\/01\/f8f9ea0c4f78f775b7da99f65e3b8671f7d078be.jpg\" alt=\"\" class=\"wp-image-49\" style=\"aspect-ratio:4\/3;object-fit:cover\" srcset=\"https:\/\/aaddarumzug.de\/wp-content\/uploads\/2026\/01\/f8f9ea0c4f78f775b7da99f65e3b8671f7d078be.jpg 962w, https:\/\/aaddarumzug.de\/wp-content\/uploads\/2026\/01\/f8f9ea0c4f78f775b7da99f65e3b8671f7d078be-200x300.jpg 200w, https:\/\/aaddarumzug.de\/wp-content\/uploads\/2026\/01\/f8f9ea0c4f78f775b7da99f65e3b8671f7d078be-684x1024.jpg 684w, https:\/\/aaddarumzug.de\/wp-content\/uploads\/2026\/01\/f8f9ea0c4f78f775b7da99f65e3b8671f7d078be-768x1150.jpg 768w, https:\/\/aaddarumzug.de\/wp-content\/uploads\/2026\/01\/f8f9ea0c4f78f775b7da99f65e3b8671f7d078be-8x12.jpg 8w\" sizes=\"auto, (max-width: 962px) 100vw, 962px\" \/><\/figure>\n\n\n\n<div class=\"wp-block-group is-style-default has-global-padding is-layout-constrained wp-block-group-is-layout-constrained\">\n<h3 class=\"wp-block-heading\">Privatumz\u00fcge<\/h3>\n\n\n\n<p>Perfekt zugeschnitten auf Ihre individuellen Wohnortwechsel, damit Ihr Umzug stressfrei verl\u00e4uft.<\/p>\n<\/div>\n<\/div>\n<\/div>\n\n\n\n<div class=\"wp-block-column is-layout-flow wp-block-column-is-layout-flow\">\n<div class=\"wp-block-group is-style-ext-preset--group--natural-1--item-card-1--align-start has-global-padding is-layout-constrained wp-block-group-is-layout-constrained is-style-ext-preset--group--natural-1--item-card-1--align-start--3\">\n<figure class=\"wp-block-image\"><img loading=\"lazy\" decoding=\"async\" width=\"1440\" height=\"960\" src=\"https:\/\/aaddarumzug.de\/wp-content\/uploads\/2026\/01\/89c59ca13c7efd75720da7aa0dddbb2dc16530f8.jpg\" alt=\"\" class=\"wp-image-50\" style=\"aspect-ratio:4\/3;object-fit:cover\" srcset=\"https:\/\/aaddarumzug.de\/wp-content\/uploads\/2026\/01\/89c59ca13c7efd75720da7aa0dddbb2dc16530f8.jpg 1440w, https:\/\/aaddarumzug.de\/wp-content\/uploads\/2026\/01\/89c59ca13c7efd75720da7aa0dddbb2dc16530f8-300x200.jpg 300w, https:\/\/aaddarumzug.de\/wp-content\/uploads\/2026\/01\/89c59ca13c7efd75720da7aa0dddbb2dc16530f8-1024x683.jpg 1024w, https:\/\/aaddarumzug.de\/wp-content\/uploads\/2026\/01\/89c59ca13c7efd75720da7aa0dddbb2dc16530f8-768x512.jpg 768w, https:\/\/aaddarumzug.de\/wp-content\/uploads\/2026\/01\/89c59ca13c7efd75720da7aa0dddbb2dc16530f8-18x12.jpg 18w\" sizes=\"auto, (max-width: 1440px) 100vw, 1440px\" \/><\/figure>\n\n\n\n<div class=\"wp-block-group is-style-default has-global-padding is-layout-constrained wp-block-group-is-layout-constrained\">\n<h3 class=\"wp-block-heading\">Firmenumz\u00fcge<\/h3>\n\n\n\n<p>Effiziente Planung und Durchf\u00fchrung, um Ihre Gesch\u00e4ftst\u00e4tigkeit schnell wieder aufzunehmen.<\/p>\n<\/div>\n<\/div>\n<\/div>\n\n\n\n<div class=\"wp-block-column is-layout-flow wp-block-column-is-layout-flow\">\n<div class=\"wp-block-group is-style-ext-preset--group--natural-1--item-card-1--align-start has-global-padding is-layout-constrained wp-block-group-is-layout-constrained is-style-ext-preset--group--natural-1--item-card-1--align-start--4\">\n<figure class=\"wp-block-image\"><img loading=\"lazy\" decoding=\"async\" width=\"960\" height=\"1440\" src=\"https:\/\/aaddarumzug.de\/wp-content\/uploads\/2026\/01\/060e9c221db7501a8ac38be55d4334fadf64e79a.jpg\" alt=\"\" class=\"wp-image-51\" style=\"aspect-ratio:4\/3;object-fit:cover\" srcset=\"https:\/\/aaddarumzug.de\/wp-content\/uploads\/2026\/01\/060e9c221db7501a8ac38be55d4334fadf64e79a.jpg 960w, https:\/\/aaddarumzug.de\/wp-content\/uploads\/2026\/01\/060e9c221db7501a8ac38be55d4334fadf64e79a-200x300.jpg 200w, https:\/\/aaddarumzug.de\/wp-content\/uploads\/2026\/01\/060e9c221db7501a8ac38be55d4334fadf64e79a-683x1024.jpg 683w, https:\/\/aaddarumzug.de\/wp-content\/uploads\/2026\/01\/060e9c221db7501a8ac38be55d4334fadf64e79a-768x1152.jpg 768w, https:\/\/aaddarumzug.de\/wp-content\/uploads\/2026\/01\/060e9c221db7501a8ac38be55d4334fadf64e79a-8x12.jpg 8w\" sizes=\"auto, (max-width: 960px) 100vw, 960px\" \/><\/figure>\n\n\n\n<div class=\"wp-block-group is-style-default has-global-padding is-layout-constrained wp-block-group-is-layout-constrained\">\n<h3 class=\"wp-block-heading\">Spezialtransporte<\/h3>\n\n\n\n<p>Professionelle Handhabung empfindlicher Gegenst\u00e4nde mit besonderem Fokus auf Sicherheit.<\/p>\n<\/div>\n<\/div>\n<\/div>\n<\/div>\n<\/div>\n\n\n\n<div class=\"wp-block-group alignfull is-style-ext-preset--group--natural-1--section has-tertiary-background-color has-background has-global-padding is-layout-constrained wp-container-core-group-is-layout-e955bbaf wp-block-group-is-layout-constrained\" style=\"margin-top:0;margin-bottom:0;padding-top:var(--wp--preset--spacing--70);padding-bottom:var(--wp--preset--spacing--70)\">\n<div class=\"wp-block-group alignwide is-vertical is-content-justification-center is-layout-flex wp-container-core-group-is-layout-c9ee0c5a wp-block-group-is-layout-flex\">\n<div class=\"wp-block-group has-global-padding is-layout-constrained wp-container-core-group-is-layout-5e05634a wp-block-group-is-layout-constrained\">\n<h2 class=\"wp-block-heading has-text-align-center\">Unser Umzugsablauf<\/h2>\n\n\n\n<p class=\"has-text-align-center\">Erfahren Sie hier, wie unser Team Ihren Umzug organisiert, von der Planung bis zur sicheren Ankunft Ihres Eigentums.<\/p>\n<\/div>\n<\/div>\n\n\n\n<div class=\"wp-block-columns alignwide is-layout-flex wp-container-core-columns-is-layout-08c01c1c wp-block-columns-is-layout-flex\">\n<div class=\"wp-block-column is-vertically-aligned-stretch is-layout-flow wp-container-core-column-is-layout-f5bb311e wp-block-column-is-layout-flow\">\n<div class=\"wp-block-group is-style-ext-preset--group--natural-1--item-card-1--align-center has-global-padding is-layout-constrained wp-block-group-is-layout-constrained is-style-ext-preset--group--natural-1--item-card-1--align-center--6\">\n<div class=\"wp-block-group is-style-default has-global-padding is-layout-constrained wp-block-group-is-layout-constrained\">\n<figure class=\"wp-block-image aligncenter size-large ext-aspect-landscape wp-duotone-primary-foreground\"><img decoding=\"async\" src=\"data:image\/svg+xml;base64,PHN2ZyB4bWxucz0iaHR0cDovL3d3dy53My5vcmcvMjAwMC9zdmciIHdpZHRoPSI0OCIgaGVpZ2h0PSI0OCIgZmlsbD0iIzAwMDAwMCIgdmlld0JveD0iMCAwIDI1NiAyNTYiPjxwYXRoIGQ9Ik0xMjgsMjRBMTA0LDEwNCwwLDEsMCwyMzIsMTI4LDEwNC4xMSwxMDQuMTEsMCwwLDAsMTI4LDI0Wm0wLDE5MmE4OCw4OCwwLDEsMSw4OC04OEE4OC4xLDg4LjEsMCwwLDEsMTI4LDIxNlpNMTQwLDgwdjk2YTgsOCwwLDAsMS0xNiwwVjk1bC0xMS41Niw3LjcxYTgsOCwwLDEsMS04Ljg4LTEzLjMybDI0LTE2QTgsOCwwLDAsMSwxNDAsODBaIj48L3BhdGg+PC9zdmc+\" alt=\"\" style=\"object-fit:cover\"\/><\/figure>\n\n\n\n<h3 class=\"wp-block-heading has-text-align-center\">Erster Schritt: Beratung<\/h3>\n\n\n\n<p class=\"has-text-align-center\">Wir beginnen mit einer individuellen Beratung, um Ihre W\u00fcnsche zu erfassen und einen ma\u00dfgeschneiderten Umzugsplan zu erstellen.<\/p>\n<\/div>\n<\/div>\n<\/div>\n\n\n\n<div class=\"wp-block-column is-vertically-aligned-stretch is-layout-flow wp-container-core-column-is-layout-f5bb311e wp-block-column-is-layout-flow\">\n<div class=\"wp-block-group is-style-ext-preset--group--natural-1--item-card-1--align-center has-global-padding is-layout-constrained wp-block-group-is-layout-constrained is-style-ext-preset--group--natural-1--item-card-1--align-center--7\">\n<div class=\"wp-block-group is-style-default has-global-padding is-layout-constrained wp-block-group-is-layout-constrained\">\n<figure class=\"wp-block-image aligncenter size-large ext-aspect-landscape wp-duotone-primary-foreground\"><img decoding=\"async\" src=\"data:image\/svg+xml;base64,PHN2ZyB4bWxucz0iaHR0cDovL3d3dy53My5vcmcvMjAwMC9zdmciIHdpZHRoPSI0OCIgaGVpZ2h0PSI0OCIgZmlsbD0iIzAwMDAwMCIgdmlld0JveD0iMCAwIDI1NiAyNTYiPjxwYXRoIGQ9Ik0xMjgsMjRBMTA0LDEwNCwwLDEsMCwyMzIsMTI4LDEwNC4xMSwxMDQuMTEsMCwwLDAsMTI4LDI0Wm0wLDE5MmE4OCw4OCwwLDEsMSw4OC04OEE4OC4xLDg4LjEsMCwwLDEsMTI4LDIxNlptMjUuNTYtOTIuNzRMMTIwLDE2OGgzMmE4LDgsMCwwLDEsMCwxNkgxMDRhOCw4LDAsMCwxLTYuNC0xMi44bDQzLjE3LTU3LjU2YTE2LDE2LDAsMSwwLTI3Ljg2LTE1LDgsOCwwLDAsMS0xNS4wOS01LjM0LDMyLDMyLDAsMSwxLDU1Ljc0LDI5LjkzWiI+PC9wYXRoPjwvc3ZnPg==\" alt=\"\" style=\"object-fit:cover\"\/><\/figure>\n\n\n\n<h3 class=\"wp-block-heading has-text-align-center\">Zweiter Schritt: Vorbereitung<\/h3>\n\n\n\n<p class=\"has-text-align-center\">Unser Team bereitet alle notwendigen Materialien vor und plant den Transport, um einen reibungslosen Ablauf sicherzustellen.<\/p>\n<\/div>\n<\/div>\n<\/div>\n\n\n\n<div class=\"wp-block-column is-vertically-aligned-stretch is-layout-flow wp-container-core-column-is-layout-f5bb311e wp-block-column-is-layout-flow\">\n<div class=\"wp-block-group is-style-ext-preset--group--natural-1--item-card-1--align-center has-global-padding is-layout-constrained wp-block-group-is-layout-constrained is-style-ext-preset--group--natural-1--item-card-1--align-center--8\">\n<div class=\"wp-block-group is-style-default has-global-padding is-layout-constrained wp-block-group-is-layout-constrained\">\n<figure class=\"wp-block-image aligncenter size-large ext-aspect-landscape wp-duotone-primary-foreground\"><img decoding=\"async\" src=\"data:image\/svg+xml;base64,PHN2ZyB4bWxucz0iaHR0cDovL3d3dy53My5vcmcvMjAwMC9zdmciIHdpZHRoPSI0OCIgaGVpZ2h0PSI0OCIgZmlsbD0iIzAwMDAwMCIgdmlld0JveD0iMCAwIDI1NiAyNTYiPjxwYXRoIGQ9Ik0xMjgsMjRBMTA0LDEwNCwwLDEsMCwyMzIsMTI4LDEwNC4xMSwxMDQuMTEsMCwwLDAsMTI4LDI0Wm0wLDE5MmE4OCw4OCwwLDEsMSw4OC04OEE4OC4xLDg4LjEsMCwwLDEsMTI4LDIxNlptMzItNjRhMzYsMzYsMCwwLDEtNjEuNzEsMjUuMTlBOCw4LDAsMSwxLDEwOS43MSwxNjYsMjAsMjAsMCwxLDAsMTI0LDEzMmE4LDgsMCwwLDEtNi41NS0xMi41OUwxMzYuNjMsOTJIMTA0YTgsOCwwLDAsMSwwLTE2aDQ4YTgsOCwwLDAsMSw2LjU1LDEyLjU5bC0yMSwzMEEzNi4wNywzNi4wNywwLDAsMSwxNjAsMTUyWiI+PC9wYXRoPjwvc3ZnPg==\" alt=\"\" style=\"object-fit:cover\"\/><\/figure>\n\n\n\n<h3 class=\"wp-block-heading has-text-align-center\">Dritter Schritt: Umsetzung<\/h3>\n\n\n\n<p class=\"has-text-align-center\">Wir f\u00fchren den Umzug professionell durch und sorgen daf\u00fcr, dass Ihre Habseligkeiten sicher und termingerecht ankommen.<\/p>\n<\/div>\n<\/div>\n<\/div>\n<\/div>\n<\/div>\n\n\n\n<div class=\"wp-block-group alignfull is-style-ext-preset--group--natural-1--section has-background-background-color has-background has-global-padding is-layout-constrained wp-container-core-group-is-layout-ab56ae29 wp-block-group-is-layout-constrained\" id=\"jetzt-buchen\" style=\"margin-top:0;margin-bottom:0;padding-top:var(--wp--preset--spacing--70);padding-bottom:var(--wp--preset--spacing--70)\">\n<div class=\"wp-block-group alignwide is-vertical is-content-justification-center is-layout-flex wp-container-core-group-is-layout-c9ee0c5a wp-block-group-is-layout-flex\">\n<div class=\"wp-block-group has-global-padding is-layout-constrained wp-container-core-group-is-layout-dd32767c wp-block-group-is-layout-constrained\">\n<h2 class=\"wp-block-heading has-text-align-center\">Professionelle Umzugsservices f\u00fcr stressfreie Transporte<\/h2>\n\n\n\n<p class=\"has-text-align-center\">Buchen Sie Ihren Umzugstermin unkompliziert online \u2013 schnell, sicher und mit allen wichtigen Informationen f\u00fcr eine reibungslose Planung.<\/p>\n<\/div>\n<\/div>\n\n\n\n<div class=\"wp-block-group alignwide has-global-padding is-layout-constrained wp-block-group-is-layout-constrained\"><div id=\"sbw_z0hg2i_calendar\"><\/div><script type=\"text\/javascript\">function instantiateSimplyBookWidget() {    new SimplybookWidget({        \"widget_type\": \"iframe\",        \"url\": \"https:\/\/rsp6235717368.simplybook.it\",        \"theme\": \"default\",        \"theme_settings\": {\"timeline_show_end_time\":false,\"timeline_hide_unavailable\":true,\"hide_past_days\":false,\"hide_img_mode\":true,\"show_sidebar\":true,\"timeline_modern_display\":\"as_slots\",\"display_item_mode\":\"block\",\"sb_base_color\":\"#0B0620\",\"booking_nav_bg_color\":\"#ffffff\",\"body_bg_color\":\"#f7f7f7\",\"dark_font_color\":\"#494949\",\"light_font_color\":\"var(--wp--custom--elements--button--color--text)\",\"btn_color_1\":\"#ffffff\",\"sb_company_label_color\":\"#ffffff\",\"sb_busy\":\"#0B0620\",\"sb_available\":\"var(--wp--custom--elements--button--color--background)\",\"sb_review_image\":\"\",\"hide_company_label\":false,\"link_color\":\"var(--wp--custom--elements--button--color--background)\"},        \"timeline\": \"modern\",        \"datepicker\": \"top_calendar\",        \"is_rtl\": \"\",        \"app_config\": {            \"clear_session\": \"1\",            \"allow_switch_to_ada\": \"\",            \"predefined\": {\"provider\":\"1\",\"service\":\"1\"},        },        \"container_id\": \"sbw_z0hg2i_calendar\"    });}document.addEventListener(\"DOMContentLoaded\", instantiateSimplyBookWidget);document.addEventListener(\"loadSimplyBookPreviewWidget\", instantiateSimplyBookWidget);<\/script><\/div>\n<\/div>","protected":false},"excerpt":{"rendered":"<p>Zuverl\u00e4ssigkeit und Pr\u00e4zision bei jedem Umzug Entdecken Sie unser umfassendes Angebot an Umzugs- und Transportservices, die auf Ihre Zufriedenheit ausgerichtet sind. Privatumz\u00fcge Perfekt zugeschnitten auf Ihre individuellen Wohnortwechsel, damit Ihr Umzug stressfrei verl\u00e4uft. Firmenumz\u00fcge Effiziente Planung und Durchf\u00fchrung, um Ihre Gesch\u00e4ftst\u00e4tigkeit schnell wieder aufzunehmen. Spezialtransporte Professionelle Handhabung empfindlicher Gegenst\u00e4nde mit besonderem Fokus auf Sicherheit. Unser [&hellip;]<\/p>\n","protected":false},"author":1,"featured_media":0,"parent":0,"menu_order":0,"comment_status":"closed","ping_status":"closed","template":"page-with-title","meta":{"footnotes":""},"class_list":["post-29","page","type-page","status-publish","hentry"],"_links":{"self":[{"href":"https:\/\/aaddarumzug.de\/it\/wp-json\/wp\/v2\/pages\/29","targetHints":{"allow":["GET"]}}],"collection":[{"href":"https:\/\/aaddarumzug.de\/it\/wp-json\/wp\/v2\/pages"}],"about":[{"href":"https:\/\/aaddarumzug.de\/it\/wp-json\/wp\/v2\/types\/page"}],"author":[{"embeddable":true,"href":"https:\/\/aaddarumzug.de\/it\/wp-json\/wp\/v2\/users\/1"}],"replies":[{"embeddable":true,"href":"https:\/\/aaddarumzug.de\/it\/wp-json\/wp\/v2\/comments?post=29"}],"version-history":[{"count":3,"href":"https:\/\/aaddarumzug.de\/it\/wp-json\/wp\/v2\/pages\/29\/revisions"}],"predecessor-version":[{"id":111,"href":"https:\/\/aaddarumzug.de\/it\/wp-json\/wp\/v2\/pages\/29\/revisions\/111"}],"wp:attachment":[{"href":"https:\/\/aaddarumzug.de\/it\/wp-json\/wp\/v2\/media?parent=29"}],"curies":[{"name":"wp","href":"https:\/\/api.w.org\/{rel}","templated":true}]}}